{"id":2783,"date":"2023-09-13T11:38:46","date_gmt":"2023-09-13T09:38:46","guid":{"rendered":"https:\/\/aludo.jotpe.com\/produkt\/ersatzfilter-hepa14-en1822-aludo-9\/"},"modified":"2024-10-21T11:22:28","modified_gmt":"2024-10-21T09:22:28","slug":"ersatzfilter-hepa14-en1822-aludo-9","status":"publish","type":"product","link":"https:\/\/aludo-air.de\/en\/produkt\/ersatzfilter-hepa14-en1822-aludo-9\/","title":{"rendered":"Ersatzfilter HEPA14 EN1822 &#8211; aludo 12"},"content":{"rendered":"<p><b>Original Ersatzfilter HEPA14 &#8211; aludo 9 Luftreiniger<\/b><\/p>\n<p><b>Zertifizierter HiCap HEPA 14 Filter nach EN1822<\/b><span><br \/>Standard HEPA Filter der die Klasse H14 bis 2.200 m3\/h Volumenstrom erreicht. Der Betriebsvolumenstrom liegt bei 1.200 m3\/h. Dies ist die h\u00f6chste Filterklasse unserer Reihe \u201eZertifizierter HEPA-Filter\u201c. Alle Filter werden einer 100% Pr\u00fcfung unterzogen. Pr\u00fcfzertifikat ist dem Ger\u00e4t beigelegt.<\/span><\/p>\n<p>&nbsp;<\/p>\n<p>&nbsp;<\/p>\n<p>&nbsp;<\/p>\n<p>&nbsp;<\/p>\n<ul>\n<li><b>Filterart<\/b>&nbsp;Minifalt<\/li>\n<li><b>Filterklasse<\/b>&nbsp;HEPA14 nach EN1822<\/li>\n<li><b>Bauart<\/b>&nbsp;Metallgeh\u00e4use HiCap W-Bauform<\/li>\n<li>Abdichtung 2zwei Dichtebenen horizontal und vertikal<\/li>\n<li><b>Inhalt<\/b>&nbsp;1 Filter<\/li>\n<li><b>Ger\u00e4t<\/b>&nbsp;aludo 9<\/li>\n<li><b>Wechselzyklus<\/b>&nbsp;24&nbsp;Monate<\/li>\n<\/ul>\n","protected":false},"excerpt":{"rendered":"<ul>\n<li>Original Ersatzteil aludo 9 Luftreiniger<\/li>\n<li>Filterklasse HEPA14 nach EN1822<\/li>\n<li>Bauart&nbsp;Metallgeh&auml;use HiCap W-Bauform<\/li>\n<li>Inhalt 1 Filter<\/li>\n<li>passend f&uuml;r aludo 9 Luftreiniger<\/li>\n<li>Wechselzyklus&nbsp;24&nbsp;Monate<\/li>\n<\/ul>\n","protected":false},"featured_media":2781,"comment_status":"open","ping_status":"closed","template":"","meta":{"inline_featured_image":false},"product_brand":[],"product_cat":[43],"product_tag":[],"class_list":{"0":"post-2783","1":"product","2":"type-product","3":"status-publish","4":"has-post-thumbnail","6":"product_cat-ersatzteile","8":"first","9":"instock","10":"taxable","11":"shipping-taxable","12":"purchasable","13":"product-type-simple"},"yoast_head":"<!-- This site is optimized with the Yoast SEO plugin v27.4 - https:\/\/yoast.com\/product\/yoast-seo-wordpress\/ -->\n<title>Ersatzfilter HEPA14 EN1822 - aludo 12 - aludo Luftreiniger<\/title>\n<meta name=\"robots\" content=\"index, follow, max-snippet:-1, max-image-preview:large, max-video-preview:-1\" \/>\n<link rel=\"canonical\" href=\"https:\/\/aludo-air.de\/en\/produkt\/ersatzfilter-hepa14-en1822-aludo-9\/\" \/>\n<meta property=\"og:locale\" content=\"en_US\" \/>\n<meta property=\"og:type\" content=\"article\" \/>\n<meta property=\"og:title\" content=\"Ersatzfilter HEPA14 EN1822 - aludo 12 - aludo Luftreiniger\" \/>\n<meta property=\"og:description\" content=\"Original Ersatzteil aludo 9 Luftreiniger Filterklasse HEPA14 nach EN1822 Bauart&nbsp;Metallgeh&auml;use HiCap W-Bauform Inhalt 1 Filter passend f&uuml;r aludo 9 Luftreiniger Wechselzyklus&nbsp;24&nbsp;Monate\" \/>\n<meta property=\"og:url\" content=\"https:\/\/aludo-air.de\/en\/produkt\/ersatzfilter-hepa14-en1822-aludo-9\/\" \/>\n<meta property=\"og:site_name\" content=\"aludo Luftreiniger\" \/>\n<meta property=\"article:publisher\" content=\"https:\/\/www.facebook.com\/aludoair\/\" \/>\n<meta property=\"article:modified_time\" content=\"2024-10-21T09:22:28+00:00\" \/>\n<meta property=\"og:image\" content=\"https:\/\/aludo-air.de\/wp-content\/uploads\/2023\/09\/aludo9LuftreinigerHEPA14Ersatzfilter-scaled.jpg\" \/>\n\t<meta property=\"og:image:width\" content=\"2560\" \/>\n\t<meta property=\"og:image:height\" content=\"2560\" \/>\n\t<meta property=\"og:image:type\" content=\"image\/jpeg\" \/>\n<meta name=\"twitter:card\" content=\"summary_large_image\" \/>\n<script type=\"application\/ld+json\" class=\"yoast-schema-graph\">{\"@context\":\"https:\\\/\\\/schema.org\",\"@graph\":[{\"@type\":\"WebPage\",\"@id\":\"https:\\\/\\\/aludo-air.de\\\/en\\\/produkt\\\/ersatzfilter-hepa14-en1822-aludo-9\\\/\",\"url\":\"https:\\\/\\\/aludo-air.de\\\/en\\\/produkt\\\/ersatzfilter-hepa14-en1822-aludo-9\\\/\",\"name\":\"Ersatzfilter HEPA14 EN1822 - aludo 12 - aludo Luftreiniger\",\"isPartOf\":{\"@id\":\"https:\\\/\\\/aludo-air.de\\\/en\\\/#website\"},\"primaryImageOfPage\":{\"@id\":\"https:\\\/\\\/aludo-air.de\\\/en\\\/produkt\\\/ersatzfilter-hepa14-en1822-aludo-9\\\/#primaryimage\"},\"image\":{\"@id\":\"https:\\\/\\\/aludo-air.de\\\/en\\\/produkt\\\/ersatzfilter-hepa14-en1822-aludo-9\\\/#primaryimage\"},\"thumbnailUrl\":\"https:\\\/\\\/aludo-air.de\\\/wp-content\\\/uploads\\\/2023\\\/09\\\/aludo9LuftreinigerHEPA14Ersatzfilter-scaled.jpg\",\"datePublished\":\"2023-09-13T09:38:46+00:00\",\"dateModified\":\"2024-10-21T09:22:28+00:00\",\"breadcrumb\":{\"@id\":\"https:\\\/\\\/aludo-air.de\\\/en\\\/produkt\\\/ersatzfilter-hepa14-en1822-aludo-9\\\/#breadcrumb\"},\"inLanguage\":\"en-US\",\"potentialAction\":[{\"@type\":\"ReadAction\",\"target\":[\"https:\\\/\\\/aludo-air.de\\\/en\\\/produkt\\\/ersatzfilter-hepa14-en1822-aludo-9\\\/\"]}]},{\"@type\":\"ImageObject\",\"inLanguage\":\"en-US\",\"@id\":\"https:\\\/\\\/aludo-air.de\\\/en\\\/produkt\\\/ersatzfilter-hepa14-en1822-aludo-9\\\/#primaryimage\",\"url\":\"https:\\\/\\\/aludo-air.de\\\/wp-content\\\/uploads\\\/2023\\\/09\\\/aludo9LuftreinigerHEPA14Ersatzfilter-scaled.jpg\",\"contentUrl\":\"https:\\\/\\\/aludo-air.de\\\/wp-content\\\/uploads\\\/2023\\\/09\\\/aludo9LuftreinigerHEPA14Ersatzfilter-scaled.jpg\",\"width\":2560,\"height\":2560},{\"@type\":\"BreadcrumbList\",\"@id\":\"https:\\\/\\\/aludo-air.de\\\/en\\\/produkt\\\/ersatzfilter-hepa14-en1822-aludo-9\\\/#breadcrumb\",\"itemListElement\":[{\"@type\":\"ListItem\",\"position\":1,\"name\":\"Startseite\",\"item\":\"https:\\\/\\\/aludo-air.de\\\/en\\\/\"},{\"@type\":\"ListItem\",\"position\":2,\"name\":\"Shop\",\"item\":\"https:\\\/\\\/aludo-air.de\\\/shop\\\/\"},{\"@type\":\"ListItem\",\"position\":3,\"name\":\"Ersatzfilter HEPA14 EN1822 &#8211; aludo 12\"}]},{\"@type\":\"WebSite\",\"@id\":\"https:\\\/\\\/aludo-air.de\\\/en\\\/#website\",\"url\":\"https:\\\/\\\/aludo-air.de\\\/en\\\/\",\"name\":\"aludo Luftreiniger\",\"description\":\"Luftfilter Made in Germany\",\"publisher\":{\"@id\":\"https:\\\/\\\/aludo-air.de\\\/en\\\/#organization\"},\"potentialAction\":[{\"@type\":\"SearchAction\",\"target\":{\"@type\":\"EntryPoint\",\"urlTemplate\":\"https:\\\/\\\/aludo-air.de\\\/en\\\/?s={search_term_string}\"},\"query-input\":{\"@type\":\"PropertyValueSpecification\",\"valueRequired\":true,\"valueName\":\"search_term_string\"}}],\"inLanguage\":\"en-US\"},{\"@type\":\"Organization\",\"@id\":\"https:\\\/\\\/aludo-air.de\\\/en\\\/#organization\",\"name\":\"aludo GmbH\",\"url\":\"https:\\\/\\\/aludo-air.de\\\/en\\\/\",\"logo\":{\"@type\":\"ImageObject\",\"inLanguage\":\"en-US\",\"@id\":\"https:\\\/\\\/aludo-air.de\\\/en\\\/#\\\/schema\\\/logo\\\/image\\\/\",\"url\":\"https:\\\/\\\/aludo-air.de\\\/wp-content\\\/uploads\\\/2022\\\/04\\\/aludo-logo.png\",\"contentUrl\":\"https:\\\/\\\/aludo-air.de\\\/wp-content\\\/uploads\\\/2022\\\/04\\\/aludo-logo.png\",\"width\":203,\"height\":77,\"caption\":\"aludo GmbH\"},\"image\":{\"@id\":\"https:\\\/\\\/aludo-air.de\\\/en\\\/#\\\/schema\\\/logo\\\/image\\\/\"},\"sameAs\":[\"https:\\\/\\\/www.facebook.com\\\/aludoair\\\/\",\"https:\\\/\\\/www.instagram.com\\\/aludo_air\\\/\"]}]}<\/script>\n<!-- \/ Yoast SEO plugin. -->","yoast_head_json":{"title":"Ersatzfilter HEPA14 EN1822 - aludo 12 - aludo Luftreiniger","robots":{"index":"index","follow":"follow","max-snippet":"max-snippet:-1","max-image-preview":"max-image-preview:large","max-video-preview":"max-video-preview:-1"},"canonical":"https:\/\/aludo-air.de\/en\/produkt\/ersatzfilter-hepa14-en1822-aludo-9\/","og_locale":"en_US","og_type":"article","og_title":"Ersatzfilter HEPA14 EN1822 - aludo 12 - aludo Luftreiniger","og_description":"Original Ersatzteil aludo 9 Luftreiniger Filterklasse HEPA14 nach EN1822 Bauart&nbsp;Metallgeh&auml;use HiCap W-Bauform Inhalt 1 Filter passend f&uuml;r aludo 9 Luftreiniger Wechselzyklus&nbsp;24&nbsp;Monate","og_url":"https:\/\/aludo-air.de\/en\/produkt\/ersatzfilter-hepa14-en1822-aludo-9\/","og_site_name":"aludo Luftreiniger","article_publisher":"https:\/\/www.facebook.com\/aludoair\/","article_modified_time":"2024-10-21T09:22:28+00:00","og_image":[{"width":2560,"height":2560,"url":"https:\/\/aludo-air.de\/wp-content\/uploads\/2023\/09\/aludo9LuftreinigerHEPA14Ersatzfilter-scaled.jpg","type":"image\/jpeg"}],"twitter_card":"summary_large_image","schema":{"@context":"https:\/\/schema.org","@graph":[{"@type":"WebPage","@id":"https:\/\/aludo-air.de\/en\/produkt\/ersatzfilter-hepa14-en1822-aludo-9\/","url":"https:\/\/aludo-air.de\/en\/produkt\/ersatzfilter-hepa14-en1822-aludo-9\/","name":"Ersatzfilter HEPA14 EN1822 - aludo 12 - aludo Luftreiniger","isPartOf":{"@id":"https:\/\/aludo-air.de\/en\/#website"},"primaryImageOfPage":{"@id":"https:\/\/aludo-air.de\/en\/produkt\/ersatzfilter-hepa14-en1822-aludo-9\/#primaryimage"},"image":{"@id":"https:\/\/aludo-air.de\/en\/produkt\/ersatzfilter-hepa14-en1822-aludo-9\/#primaryimage"},"thumbnailUrl":"https:\/\/aludo-air.de\/wp-content\/uploads\/2023\/09\/aludo9LuftreinigerHEPA14Ersatzfilter-scaled.jpg","datePublished":"2023-09-13T09:38:46+00:00","dateModified":"2024-10-21T09:22:28+00:00","breadcrumb":{"@id":"https:\/\/aludo-air.de\/en\/produkt\/ersatzfilter-hepa14-en1822-aludo-9\/#breadcrumb"},"inLanguage":"en-US","potentialAction":[{"@type":"ReadAction","target":["https:\/\/aludo-air.de\/en\/produkt\/ersatzfilter-hepa14-en1822-aludo-9\/"]}]},{"@type":"ImageObject","inLanguage":"en-US","@id":"https:\/\/aludo-air.de\/en\/produkt\/ersatzfilter-hepa14-en1822-aludo-9\/#primaryimage","url":"https:\/\/aludo-air.de\/wp-content\/uploads\/2023\/09\/aludo9LuftreinigerHEPA14Ersatzfilter-scaled.jpg","contentUrl":"https:\/\/aludo-air.de\/wp-content\/uploads\/2023\/09\/aludo9LuftreinigerHEPA14Ersatzfilter-scaled.jpg","width":2560,"height":2560},{"@type":"BreadcrumbList","@id":"https:\/\/aludo-air.de\/en\/produkt\/ersatzfilter-hepa14-en1822-aludo-9\/#breadcrumb","itemListElement":[{"@type":"ListItem","position":1,"name":"Startseite","item":"https:\/\/aludo-air.de\/en\/"},{"@type":"ListItem","position":2,"name":"Shop","item":"https:\/\/aludo-air.de\/shop\/"},{"@type":"ListItem","position":3,"name":"Ersatzfilter HEPA14 EN1822 &#8211; aludo 12"}]},{"@type":"WebSite","@id":"https:\/\/aludo-air.de\/en\/#website","url":"https:\/\/aludo-air.de\/en\/","name":"aludo Luftreiniger","description":"Luftfilter Made in Germany","publisher":{"@id":"https:\/\/aludo-air.de\/en\/#organization"},"potentialAction":[{"@type":"SearchAction","target":{"@type":"EntryPoint","urlTemplate":"https:\/\/aludo-air.de\/en\/?s={search_term_string}"},"query-input":{"@type":"PropertyValueSpecification","valueRequired":true,"valueName":"search_term_string"}}],"inLanguage":"en-US"},{"@type":"Organization","@id":"https:\/\/aludo-air.de\/en\/#organization","name":"aludo GmbH","url":"https:\/\/aludo-air.de\/en\/","logo":{"@type":"ImageObject","inLanguage":"en-US","@id":"https:\/\/aludo-air.de\/en\/#\/schema\/logo\/image\/","url":"https:\/\/aludo-air.de\/wp-content\/uploads\/2022\/04\/aludo-logo.png","contentUrl":"https:\/\/aludo-air.de\/wp-content\/uploads\/2022\/04\/aludo-logo.png","width":203,"height":77,"caption":"aludo GmbH"},"image":{"@id":"https:\/\/aludo-air.de\/en\/#\/schema\/logo\/image\/"},"sameAs":["https:\/\/www.facebook.com\/aludoair\/","https:\/\/www.instagram.com\/aludo_air\/"]}]}},"_links":{"self":[{"href":"https:\/\/aludo-air.de\/en\/wp-json\/wp\/v2\/product\/2783","targetHints":{"allow":["GET"]}}],"collection":[{"href":"https:\/\/aludo-air.de\/en\/wp-json\/wp\/v2\/product"}],"about":[{"href":"https:\/\/aludo-air.de\/en\/wp-json\/wp\/v2\/types\/product"}],"replies":[{"embeddable":true,"href":"https:\/\/aludo-air.de\/en\/wp-json\/wp\/v2\/comments?post=2783"}],"wp:featuredmedia":[{"embeddable":true,"href":"https:\/\/aludo-air.de\/en\/wp-json\/wp\/v2\/media\/2781"}],"wp:attachment":[{"href":"https:\/\/aludo-air.de\/en\/wp-json\/wp\/v2\/media?parent=2783"}],"wp:term":[{"taxonomy":"product_brand","embeddable":true,"href":"https:\/\/aludo-air.de\/en\/wp-json\/wp\/v2\/product_brand?post=2783"},{"taxonomy":"product_cat","embeddable":true,"href":"https:\/\/aludo-air.de\/en\/wp-json\/wp\/v2\/product_cat?post=2783"},{"taxonomy":"product_tag","embeddable":true,"href":"https:\/\/aludo-air.de\/en\/wp-json\/wp\/v2\/product_tag?post=2783"}],"curies":[{"name":"wp","href":"https:\/\/api.w.org\/{rel}","templated":true}]}}