{"id":2795,"date":"2023-09-13T11:39:31","date_gmt":"2023-09-13T09:39:31","guid":{"rendered":"https:\/\/aludo.jotpe.com\/produkt\/ersatzfilterrahmen-iso-coarse-80-g4-aludo-6\/"},"modified":"2023-11-28T10:28:24","modified_gmt":"2023-11-28T09:28:24","slug":"ersatzfilterrahmen-iso-coarse-80-g4-aludo-6","status":"publish","type":"product","link":"https:\/\/aludo-air.de\/en\/produkt\/ersatzfilterrahmen-iso-coarse-80-g4-aludo-6\/","title":{"rendered":"Ersatzfilterrahmen ISO Coarse 80% (G4) &#8211; aludo 6"},"content":{"rendered":"<p><b>Original Ersatzfilterrahmen G4 &#8211; aludo 6 Luftreiniger<\/b><\/p>\n<p><b>Vorfilterrahmen mit 4 Filtern der Klasse ISO Coarse 80%<\/b><br \/>Standard Vorfilter f\u00fcr alle aludo 6 Luftreiniger der ersten Generation. Der Rahmen kann bei allen ger\u00e4ten ohne Vorfilterrahmen nachger\u00fcstet werden.<\/p>\n<ul>\n<li><b>Filterart<\/b>&nbsp;Matte<\/li>\n<li><b>Filterklasse<\/b>&nbsp;ISO Coarse 80% ISO16890<\/li>\n<li><b>Bauart<\/b>&nbsp;Metallrahmen mit Einlegfilter<\/li>\n<li><b>Inhalt<\/b>&nbsp;1 Rahmen, 4 Filter<\/li>\n<li><b>Ger\u00e4t<\/b>&nbsp;aludo 6<\/li>\n<li><b>Wechselzyklus<\/b>&nbsp;3 Monate (nur Filter)<\/li>\n<\/ul>\n","protected":false},"excerpt":{"rendered":"<ul>\n<li>Original Ersatzteil aludo 6 Luftreiniger<\/li>\n<li>Filterklasse ISO Coarse 80% (G4)<\/li>\n<li>Bauart Metallrahmen mit Filtermatte zum Einlegen<\/li>\n<li>Inhalt 1 Rahmen, 4 Filter<\/li>\n<li>passend f&uuml;r aludo 6 Luftreiniger, 1. Generation<\/li>\n<li>Wechselzyklus 3 Monate<\/li>\n<\/ul>\n","protected":false},"featured_media":2793,"comment_status":"open","ping_status":"closed","template":"","meta":{"inline_featured_image":false},"product_brand":[],"product_cat":[43],"product_tag":[],"class_list":{"0":"post-2795","1":"product","2":"type-product","3":"status-publish","4":"has-post-thumbnail","6":"product_cat-ersatzteile","8":"first","9":"outofstock","10":"taxable","11":"shipping-taxable","12":"purchasable","13":"product-type-simple"},"yoast_head":"<!-- This site is optimized with the Yoast SEO plugin v27.4 - https:\/\/yoast.com\/product\/yoast-seo-wordpress\/ -->\n<title>Ersatzfilterrahmen ISO Coarse 80% (G4) - aludo 6 - aludo Luftreiniger<\/title>\n<meta name=\"robots\" content=\"index, follow, max-snippet:-1, max-image-preview:large, max-video-preview:-1\" \/>\n<link rel=\"canonical\" href=\"https:\/\/aludo-air.de\/en\/produkt\/ersatzfilterrahmen-iso-coarse-80-g4-aludo-6\/\" \/>\n<meta property=\"og:locale\" content=\"en_US\" \/>\n<meta property=\"og:type\" content=\"article\" \/>\n<meta property=\"og:title\" content=\"Ersatzfilterrahmen ISO Coarse 80% (G4) - aludo 6 - aludo Luftreiniger\" \/>\n<meta property=\"og:description\" content=\"Original Ersatzteil aludo 6 Luftreiniger Filterklasse ISO Coarse 80% (G4) Bauart Metallrahmen mit Filtermatte zum Einlegen Inhalt 1 Rahmen, 4 Filter passend f&uuml;r aludo 6 Luftreiniger, 1. Generation Wechselzyklus 3 Monate\" \/>\n<meta property=\"og:url\" content=\"https:\/\/aludo-air.de\/en\/produkt\/ersatzfilterrahmen-iso-coarse-80-g4-aludo-6\/\" \/>\n<meta property=\"og:site_name\" content=\"aludo Luftreiniger\" \/>\n<meta property=\"article:publisher\" content=\"https:\/\/www.facebook.com\/aludoair\/\" \/>\n<meta property=\"article:modified_time\" content=\"2023-11-28T09:28:24+00:00\" \/>\n<meta property=\"og:image\" content=\"https:\/\/aludo-air.de\/wp-content\/uploads\/2023\/09\/aludo6LuftreinigerG4ErsatzfiltersetplusRahmen-scaled.jpg\" \/>\n\t<meta property=\"og:image:width\" content=\"2560\" \/>\n\t<meta property=\"og:image:height\" content=\"2560\" \/>\n\t<meta property=\"og:image:type\" content=\"image\/jpeg\" \/>\n<meta name=\"twitter:card\" content=\"summary_large_image\" \/>\n<script type=\"application\/ld+json\" class=\"yoast-schema-graph\">{\"@context\":\"https:\\\/\\\/schema.org\",\"@graph\":[{\"@type\":\"WebPage\",\"@id\":\"https:\\\/\\\/aludo-air.de\\\/en\\\/produkt\\\/ersatzfilterrahmen-iso-coarse-80-g4-aludo-6\\\/\",\"url\":\"https:\\\/\\\/aludo-air.de\\\/en\\\/produkt\\\/ersatzfilterrahmen-iso-coarse-80-g4-aludo-6\\\/\",\"name\":\"Ersatzfilterrahmen ISO Coarse 80% (G4) - aludo 6 - aludo Luftreiniger\",\"isPartOf\":{\"@id\":\"https:\\\/\\\/aludo-air.de\\\/en\\\/#website\"},\"primaryImageOfPage\":{\"@id\":\"https:\\\/\\\/aludo-air.de\\\/en\\\/produkt\\\/ersatzfilterrahmen-iso-coarse-80-g4-aludo-6\\\/#primaryimage\"},\"image\":{\"@id\":\"https:\\\/\\\/aludo-air.de\\\/en\\\/produkt\\\/ersatzfilterrahmen-iso-coarse-80-g4-aludo-6\\\/#primaryimage\"},\"thumbnailUrl\":\"https:\\\/\\\/aludo-air.de\\\/wp-content\\\/uploads\\\/2023\\\/09\\\/aludo6LuftreinigerG4ErsatzfiltersetplusRahmen-scaled.jpg\",\"datePublished\":\"2023-09-13T09:39:31+00:00\",\"dateModified\":\"2023-11-28T09:28:24+00:00\",\"breadcrumb\":{\"@id\":\"https:\\\/\\\/aludo-air.de\\\/en\\\/produkt\\\/ersatzfilterrahmen-iso-coarse-80-g4-aludo-6\\\/#breadcrumb\"},\"inLanguage\":\"en-US\",\"potentialAction\":[{\"@type\":\"ReadAction\",\"target\":[\"https:\\\/\\\/aludo-air.de\\\/en\\\/produkt\\\/ersatzfilterrahmen-iso-coarse-80-g4-aludo-6\\\/\"]}]},{\"@type\":\"ImageObject\",\"inLanguage\":\"en-US\",\"@id\":\"https:\\\/\\\/aludo-air.de\\\/en\\\/produkt\\\/ersatzfilterrahmen-iso-coarse-80-g4-aludo-6\\\/#primaryimage\",\"url\":\"https:\\\/\\\/aludo-air.de\\\/wp-content\\\/uploads\\\/2023\\\/09\\\/aludo6LuftreinigerG4ErsatzfiltersetplusRahmen-scaled.jpg\",\"contentUrl\":\"https:\\\/\\\/aludo-air.de\\\/wp-content\\\/uploads\\\/2023\\\/09\\\/aludo6LuftreinigerG4ErsatzfiltersetplusRahmen-scaled.jpg\",\"width\":2560,\"height\":2560},{\"@type\":\"BreadcrumbList\",\"@id\":\"https:\\\/\\\/aludo-air.de\\\/en\\\/produkt\\\/ersatzfilterrahmen-iso-coarse-80-g4-aludo-6\\\/#breadcrumb\",\"itemListElement\":[{\"@type\":\"ListItem\",\"position\":1,\"name\":\"Startseite\",\"item\":\"https:\\\/\\\/aludo-air.de\\\/en\\\/\"},{\"@type\":\"ListItem\",\"position\":2,\"name\":\"Shop\",\"item\":\"https:\\\/\\\/aludo-air.de\\\/shop\\\/\"},{\"@type\":\"ListItem\",\"position\":3,\"name\":\"Ersatzfilterrahmen ISO Coarse 80% (G4) &#8211; aludo 6\"}]},{\"@type\":\"WebSite\",\"@id\":\"https:\\\/\\\/aludo-air.de\\\/en\\\/#website\",\"url\":\"https:\\\/\\\/aludo-air.de\\\/en\\\/\",\"name\":\"aludo Luftreiniger\",\"description\":\"Luftfilter Made in Germany\",\"publisher\":{\"@id\":\"https:\\\/\\\/aludo-air.de\\\/en\\\/#organization\"},\"potentialAction\":[{\"@type\":\"SearchAction\",\"target\":{\"@type\":\"EntryPoint\",\"urlTemplate\":\"https:\\\/\\\/aludo-air.de\\\/en\\\/?s={search_term_string}\"},\"query-input\":{\"@type\":\"PropertyValueSpecification\",\"valueRequired\":true,\"valueName\":\"search_term_string\"}}],\"inLanguage\":\"en-US\"},{\"@type\":\"Organization\",\"@id\":\"https:\\\/\\\/aludo-air.de\\\/en\\\/#organization\",\"name\":\"aludo GmbH\",\"url\":\"https:\\\/\\\/aludo-air.de\\\/en\\\/\",\"logo\":{\"@type\":\"ImageObject\",\"inLanguage\":\"en-US\",\"@id\":\"https:\\\/\\\/aludo-air.de\\\/en\\\/#\\\/schema\\\/logo\\\/image\\\/\",\"url\":\"https:\\\/\\\/aludo-air.de\\\/wp-content\\\/uploads\\\/2022\\\/04\\\/aludo-logo.png\",\"contentUrl\":\"https:\\\/\\\/aludo-air.de\\\/wp-content\\\/uploads\\\/2022\\\/04\\\/aludo-logo.png\",\"width\":203,\"height\":77,\"caption\":\"aludo GmbH\"},\"image\":{\"@id\":\"https:\\\/\\\/aludo-air.de\\\/en\\\/#\\\/schema\\\/logo\\\/image\\\/\"},\"sameAs\":[\"https:\\\/\\\/www.facebook.com\\\/aludoair\\\/\",\"https:\\\/\\\/www.instagram.com\\\/aludo_air\\\/\"]}]}<\/script>\n<!-- \/ Yoast SEO plugin. -->","yoast_head_json":{"title":"Ersatzfilterrahmen ISO Coarse 80% (G4) - aludo 6 - aludo Luftreiniger","robots":{"index":"index","follow":"follow","max-snippet":"max-snippet:-1","max-image-preview":"max-image-preview:large","max-video-preview":"max-video-preview:-1"},"canonical":"https:\/\/aludo-air.de\/en\/produkt\/ersatzfilterrahmen-iso-coarse-80-g4-aludo-6\/","og_locale":"en_US","og_type":"article","og_title":"Ersatzfilterrahmen ISO Coarse 80% (G4) - aludo 6 - aludo Luftreiniger","og_description":"Original Ersatzteil aludo 6 Luftreiniger Filterklasse ISO Coarse 80% (G4) Bauart Metallrahmen mit Filtermatte zum Einlegen Inhalt 1 Rahmen, 4 Filter passend f&uuml;r aludo 6 Luftreiniger, 1. Generation Wechselzyklus 3 Monate","og_url":"https:\/\/aludo-air.de\/en\/produkt\/ersatzfilterrahmen-iso-coarse-80-g4-aludo-6\/","og_site_name":"aludo Luftreiniger","article_publisher":"https:\/\/www.facebook.com\/aludoair\/","article_modified_time":"2023-11-28T09:28:24+00:00","og_image":[{"width":2560,"height":2560,"url":"https:\/\/aludo-air.de\/wp-content\/uploads\/2023\/09\/aludo6LuftreinigerG4ErsatzfiltersetplusRahmen-scaled.jpg","type":"image\/jpeg"}],"twitter_card":"summary_large_image","schema":{"@context":"https:\/\/schema.org","@graph":[{"@type":"WebPage","@id":"https:\/\/aludo-air.de\/en\/produkt\/ersatzfilterrahmen-iso-coarse-80-g4-aludo-6\/","url":"https:\/\/aludo-air.de\/en\/produkt\/ersatzfilterrahmen-iso-coarse-80-g4-aludo-6\/","name":"Ersatzfilterrahmen ISO Coarse 80% (G4) - aludo 6 - aludo Luftreiniger","isPartOf":{"@id":"https:\/\/aludo-air.de\/en\/#website"},"primaryImageOfPage":{"@id":"https:\/\/aludo-air.de\/en\/produkt\/ersatzfilterrahmen-iso-coarse-80-g4-aludo-6\/#primaryimage"},"image":{"@id":"https:\/\/aludo-air.de\/en\/produkt\/ersatzfilterrahmen-iso-coarse-80-g4-aludo-6\/#primaryimage"},"thumbnailUrl":"https:\/\/aludo-air.de\/wp-content\/uploads\/2023\/09\/aludo6LuftreinigerG4ErsatzfiltersetplusRahmen-scaled.jpg","datePublished":"2023-09-13T09:39:31+00:00","dateModified":"2023-11-28T09:28:24+00:00","breadcrumb":{"@id":"https:\/\/aludo-air.de\/en\/produkt\/ersatzfilterrahmen-iso-coarse-80-g4-aludo-6\/#breadcrumb"},"inLanguage":"en-US","potentialAction":[{"@type":"ReadAction","target":["https:\/\/aludo-air.de\/en\/produkt\/ersatzfilterrahmen-iso-coarse-80-g4-aludo-6\/"]}]},{"@type":"ImageObject","inLanguage":"en-US","@id":"https:\/\/aludo-air.de\/en\/produkt\/ersatzfilterrahmen-iso-coarse-80-g4-aludo-6\/#primaryimage","url":"https:\/\/aludo-air.de\/wp-content\/uploads\/2023\/09\/aludo6LuftreinigerG4ErsatzfiltersetplusRahmen-scaled.jpg","contentUrl":"https:\/\/aludo-air.de\/wp-content\/uploads\/2023\/09\/aludo6LuftreinigerG4ErsatzfiltersetplusRahmen-scaled.jpg","width":2560,"height":2560},{"@type":"BreadcrumbList","@id":"https:\/\/aludo-air.de\/en\/produkt\/ersatzfilterrahmen-iso-coarse-80-g4-aludo-6\/#breadcrumb","itemListElement":[{"@type":"ListItem","position":1,"name":"Startseite","item":"https:\/\/aludo-air.de\/en\/"},{"@type":"ListItem","position":2,"name":"Shop","item":"https:\/\/aludo-air.de\/shop\/"},{"@type":"ListItem","position":3,"name":"Ersatzfilterrahmen ISO Coarse 80% (G4) &#8211; aludo 6"}]},{"@type":"WebSite","@id":"https:\/\/aludo-air.de\/en\/#website","url":"https:\/\/aludo-air.de\/en\/","name":"aludo Luftreiniger","description":"Luftfilter Made in Germany","publisher":{"@id":"https:\/\/aludo-air.de\/en\/#organization"},"potentialAction":[{"@type":"SearchAction","target":{"@type":"EntryPoint","urlTemplate":"https:\/\/aludo-air.de\/en\/?s={search_term_string}"},"query-input":{"@type":"PropertyValueSpecification","valueRequired":true,"valueName":"search_term_string"}}],"inLanguage":"en-US"},{"@type":"Organization","@id":"https:\/\/aludo-air.de\/en\/#organization","name":"aludo GmbH","url":"https:\/\/aludo-air.de\/en\/","logo":{"@type":"ImageObject","inLanguage":"en-US","@id":"https:\/\/aludo-air.de\/en\/#\/schema\/logo\/image\/","url":"https:\/\/aludo-air.de\/wp-content\/uploads\/2022\/04\/aludo-logo.png","contentUrl":"https:\/\/aludo-air.de\/wp-content\/uploads\/2022\/04\/aludo-logo.png","width":203,"height":77,"caption":"aludo GmbH"},"image":{"@id":"https:\/\/aludo-air.de\/en\/#\/schema\/logo\/image\/"},"sameAs":["https:\/\/www.facebook.com\/aludoair\/","https:\/\/www.instagram.com\/aludo_air\/"]}]}},"_links":{"self":[{"href":"https:\/\/aludo-air.de\/en\/wp-json\/wp\/v2\/product\/2795","targetHints":{"allow":["GET"]}}],"collection":[{"href":"https:\/\/aludo-air.de\/en\/wp-json\/wp\/v2\/product"}],"about":[{"href":"https:\/\/aludo-air.de\/en\/wp-json\/wp\/v2\/types\/product"}],"replies":[{"embeddable":true,"href":"https:\/\/aludo-air.de\/en\/wp-json\/wp\/v2\/comments?post=2795"}],"wp:featuredmedia":[{"embeddable":true,"href":"https:\/\/aludo-air.de\/en\/wp-json\/wp\/v2\/media\/2793"}],"wp:attachment":[{"href":"https:\/\/aludo-air.de\/en\/wp-json\/wp\/v2\/media?parent=2795"}],"wp:term":[{"taxonomy":"product_brand","embeddable":true,"href":"https:\/\/aludo-air.de\/en\/wp-json\/wp\/v2\/product_brand?post=2795"},{"taxonomy":"product_cat","embeddable":true,"href":"https:\/\/aludo-air.de\/en\/wp-json\/wp\/v2\/product_cat?post=2795"},{"taxonomy":"product_tag","embeddable":true,"href":"https:\/\/aludo-air.de\/en\/wp-json\/wp\/v2\/product_tag?post=2795"}],"curies":[{"name":"wp","href":"https:\/\/api.w.org\/{rel}","templated":true}]}}