{"id":2830,"date":"2023-09-14T08:15:17","date_gmt":"2023-09-14T06:15:17","guid":{"rendered":"https:\/\/aludo.jotpe.com\/produkt\/aludo-8-pro-luftreiniger-mit-hepa-filter-2\/"},"modified":"2023-11-28T12:08:42","modified_gmt":"2023-11-28T11:08:42","slug":"aludo-8-pro-luftreiniger-mit-hepa-filter-2","status":"publish","type":"product","link":"https:\/\/aludo-air.de\/en\/produkt\/aludo-8-pro-luftreiniger-mit-hepa-filter-2\/","title":{"rendered":"aludo 8 Pro Luftreiniger mit HEPA-Filter"},"content":{"rendered":"<p><b>Professioneller HEPA-Luftreiniger aludo 8 \u201eMade in Germany\u201c<\/b><\/p>\n<p>Die Luftreiniger der aludo Pro Reihe sind mit h\u00f6chstem Qualit\u00e4tsanspruch in Deutschland entwickelt und produziert. Zertifizierte HEPA-Partikelfilter und weitere frei kombinierbare Filtermodule erf\u00fcllen h\u00f6chste Anspr\u00fcche an die Luftreinigungsleistung. Spezielle Schallelemente sorgen f\u00fcr einen konkurrenzlos ruhigen Betrieb, der innovative Motor und die Geometrie des Ventilators f\u00fcr einen minimalen Stromverbrauch.<\/p>\n<ul>\n<li><span>Made in Germany&nbsp;<\/span><\/li>\n<li><span>10 Jahre Garantie&nbsp;<\/span><\/li>\n<li><span>Leise und stromsparend&nbsp;<\/span><\/li>\n<li>Mobil mit Feststellrollen<\/li>\n<li><span>HEPA-Filter H14 nach EN1822&nbsp;<\/span><\/li>\n<li><span>Filtereffizienz von mindestens 99,995 %&nbsp;<\/span><\/li>\n<li><span>Reinigt bis zu 800 m\u00b3 Luft pro Stunde&nbsp;<\/span><\/li>\n<li><span>10 Stufen&nbsp;<\/span><\/li>\n<li><span>Allgemein geeignet f\u00fcr Fl\u00e4chen bis zu 70 m\u00b2*&nbsp;<\/span><\/li>\n<li><span>Zur Covid-19-Vorsorge empfohlen f\u00fcr Fl\u00e4chen bis zu 40 m\u00b2*<\/span><\/li>\n<p><span>*Bei einer Deckenh\u00f6he von 2,5 m<\/span><\/p>\n<\/ul>\n<p><b>Technische Daten:<\/b><\/p>\n<ul>\n<li><b>Reinigungsvolumen:&nbsp;<\/b><span>220 &#8211; 800 m3\/h<\/span><\/li>\n<li><b>F\u00f6rdervolumen:<\/b>&nbsp;800 m3\/h<\/li>\n<li><b>Lutst\u00e4rke (1m Abstand):&nbsp;<\/b><span>26 &#8211; 52 dB(A)<\/span><\/li>\n<li><b>Spannung \/ Frequenz:<\/b><span>&nbsp;230V \/ 50Hz<\/span><\/li>\n<li><b>Energieverbrauch:&nbsp;<\/b><span>8 &#8211; 90 W<\/span><\/li>\n<li><b>Abmessungen (BxTxH):<\/b><span>&nbsp;512 x 481 x 620 mm<\/span><\/li>\n<li><b>Gewicht:&nbsp;<\/b><span>48 kg<\/span><\/li>\n<li><b>Geh\u00e4useart:<\/b><span>&nbsp;Stahlblech \/ selbsttragende Kompaktplatte<\/span><\/li>\n<\/ul>\n<p><b>Vorfilter:<\/b><\/p>\n<p><b>ISOePM1 55% W-Filter nach ISO16890<\/b><span><br \/>Vorfilter aus ProBio ISO ePM1 55% (F7) Filter. Abdichtng an den Enden mit einer Dichtlippe und den Stirnseiten mit einem geschlossenzelligem Dichtband.<\/span><\/p>\n<p><b>Partikelfilter:<\/b><\/p>\n<p><b>Zertifizierter HEPA 14 Filter nach EN1822<\/b><span><br \/>Standard HEPA Filter der Klasse H14 bis 1.000 m3\/h. Dies ist die h\u00f6chste Filterklasse unserer Reihe \u201eZertifizierter HEPA-Filter\u201c. Alle Filter werden einer 100% Pr\u00fcfung unterzogen. Pr\u00fcfzertifikat ist dem Ger\u00e4t beigelegt.<\/span><\/p>\n","protected":false},"excerpt":{"rendered":"<ul>\n<li>HEPA 14 Luftreiniger<\/li>\n<li>bis 800 m<sup>3<\/sup>\/h<\/li>\n<li>nur 25 &#8211; 52 dB(A)<\/li>\n<li>max 80 W<\/li>\n<li>Made in Germany<\/li>\n<li>10 Jahre Garantie<\/li>\n<\/ul>\n<p>&nbsp;<\/p>\n","protected":false},"featured_media":2887,"comment_status":"open","ping_status":"closed","template":"","meta":{"inline_featured_image":false},"product_brand":[],"product_cat":[23],"product_tag":[],"class_list":{"0":"post-2830","1":"product","2":"type-product","3":"status-publish","4":"has-post-thumbnail","6":"product_cat-shop","8":"first","9":"instock","10":"taxable","11":"shipping-taxable","12":"purchasable","13":"product-type-variable"},"yoast_head":"<!-- This site is optimized with the Yoast SEO plugin v27.4 - https:\/\/yoast.com\/product\/yoast-seo-wordpress\/ -->\n<title>aludo 8 Pro Luftreiniger mit HEPA-Filter - aludo Luftreiniger<\/title>\n<meta name=\"robots\" content=\"index, follow, max-snippet:-1, max-image-preview:large, max-video-preview:-1\" \/>\n<link rel=\"canonical\" href=\"https:\/\/aludo-air.de\/en\/produkt\/aludo-8-pro-luftreiniger-mit-hepa-filter-2\/\" \/>\n<meta property=\"og:locale\" content=\"en_US\" \/>\n<meta property=\"og:type\" content=\"article\" \/>\n<meta property=\"og:title\" content=\"aludo 8 Pro Luftreiniger mit HEPA-Filter - aludo Luftreiniger\" \/>\n<meta property=\"og:description\" content=\"HEPA 14 Luftreiniger bis 800 m3\/h nur 25 - 52 dB(A) max 80 W Made in Germany 10 Jahre Garantie &nbsp;\" \/>\n<meta property=\"og:url\" content=\"https:\/\/aludo-air.de\/en\/produkt\/aludo-8-pro-luftreiniger-mit-hepa-filter-2\/\" \/>\n<meta property=\"og:site_name\" content=\"aludo Luftreiniger\" \/>\n<meta property=\"article:publisher\" content=\"https:\/\/www.facebook.com\/aludoair\/\" \/>\n<meta property=\"article:modified_time\" content=\"2023-11-28T11:08:42+00:00\" \/>\n<meta property=\"og:image\" content=\"https:\/\/aludo-air.de\/wp-content\/uploads\/2023\/10\/aludo8weissohneHaube-6-scaled.jpg\" \/>\n\t<meta property=\"og:image:width\" content=\"2560\" \/>\n\t<meta property=\"og:image:height\" content=\"2560\" \/>\n\t<meta property=\"og:image:type\" content=\"image\/jpeg\" \/>\n<meta name=\"twitter:card\" content=\"summary_large_image\" \/>\n<meta name=\"twitter:label1\" content=\"Est. reading time\" \/>\n\t<meta name=\"twitter:data1\" content=\"2 minutes\" \/>\n<script type=\"application\/ld+json\" class=\"yoast-schema-graph\">{\"@context\":\"https:\\\/\\\/schema.org\",\"@graph\":[{\"@type\":\"WebPage\",\"@id\":\"https:\\\/\\\/aludo-air.de\\\/en\\\/produkt\\\/aludo-8-pro-luftreiniger-mit-hepa-filter-2\\\/\",\"url\":\"https:\\\/\\\/aludo-air.de\\\/en\\\/produkt\\\/aludo-8-pro-luftreiniger-mit-hepa-filter-2\\\/\",\"name\":\"aludo 8 Pro Luftreiniger mit HEPA-Filter - aludo Luftreiniger\",\"isPartOf\":{\"@id\":\"https:\\\/\\\/aludo-air.de\\\/en\\\/#website\"},\"primaryImageOfPage\":{\"@id\":\"https:\\\/\\\/aludo-air.de\\\/en\\\/produkt\\\/aludo-8-pro-luftreiniger-mit-hepa-filter-2\\\/#primaryimage\"},\"image\":{\"@id\":\"https:\\\/\\\/aludo-air.de\\\/en\\\/produkt\\\/aludo-8-pro-luftreiniger-mit-hepa-filter-2\\\/#primaryimage\"},\"thumbnailUrl\":\"https:\\\/\\\/aludo-air.de\\\/wp-content\\\/uploads\\\/2023\\\/10\\\/aludo8weissohneHaube-6-scaled.jpg\",\"datePublished\":\"2023-09-14T06:15:17+00:00\",\"dateModified\":\"2023-11-28T11:08:42+00:00\",\"breadcrumb\":{\"@id\":\"https:\\\/\\\/aludo-air.de\\\/en\\\/produkt\\\/aludo-8-pro-luftreiniger-mit-hepa-filter-2\\\/#breadcrumb\"},\"inLanguage\":\"en-US\",\"potentialAction\":[{\"@type\":\"ReadAction\",\"target\":[\"https:\\\/\\\/aludo-air.de\\\/en\\\/produkt\\\/aludo-8-pro-luftreiniger-mit-hepa-filter-2\\\/\"]}]},{\"@type\":\"ImageObject\",\"inLanguage\":\"en-US\",\"@id\":\"https:\\\/\\\/aludo-air.de\\\/en\\\/produkt\\\/aludo-8-pro-luftreiniger-mit-hepa-filter-2\\\/#primaryimage\",\"url\":\"https:\\\/\\\/aludo-air.de\\\/wp-content\\\/uploads\\\/2023\\\/10\\\/aludo8weissohneHaube-6-scaled.jpg\",\"contentUrl\":\"https:\\\/\\\/aludo-air.de\\\/wp-content\\\/uploads\\\/2023\\\/10\\\/aludo8weissohneHaube-6-scaled.jpg\",\"width\":2560,\"height\":2560},{\"@type\":\"BreadcrumbList\",\"@id\":\"https:\\\/\\\/aludo-air.de\\\/en\\\/produkt\\\/aludo-8-pro-luftreiniger-mit-hepa-filter-2\\\/#breadcrumb\",\"itemListElement\":[{\"@type\":\"ListItem\",\"position\":1,\"name\":\"Startseite\",\"item\":\"https:\\\/\\\/aludo-air.de\\\/en\\\/\"},{\"@type\":\"ListItem\",\"position\":2,\"name\":\"Shop\",\"item\":\"https:\\\/\\\/aludo-air.de\\\/shop\\\/\"},{\"@type\":\"ListItem\",\"position\":3,\"name\":\"aludo 8 Pro Luftreiniger mit HEPA-Filter\"}]},{\"@type\":\"WebSite\",\"@id\":\"https:\\\/\\\/aludo-air.de\\\/en\\\/#website\",\"url\":\"https:\\\/\\\/aludo-air.de\\\/en\\\/\",\"name\":\"aludo Luftreiniger\",\"description\":\"Luftfilter Made in Germany\",\"publisher\":{\"@id\":\"https:\\\/\\\/aludo-air.de\\\/en\\\/#organization\"},\"potentialAction\":[{\"@type\":\"SearchAction\",\"target\":{\"@type\":\"EntryPoint\",\"urlTemplate\":\"https:\\\/\\\/aludo-air.de\\\/en\\\/?s={search_term_string}\"},\"query-input\":{\"@type\":\"PropertyValueSpecification\",\"valueRequired\":true,\"valueName\":\"search_term_string\"}}],\"inLanguage\":\"en-US\"},{\"@type\":\"Organization\",\"@id\":\"https:\\\/\\\/aludo-air.de\\\/en\\\/#organization\",\"name\":\"aludo GmbH\",\"url\":\"https:\\\/\\\/aludo-air.de\\\/en\\\/\",\"logo\":{\"@type\":\"ImageObject\",\"inLanguage\":\"en-US\",\"@id\":\"https:\\\/\\\/aludo-air.de\\\/en\\\/#\\\/schema\\\/logo\\\/image\\\/\",\"url\":\"https:\\\/\\\/aludo-air.de\\\/wp-content\\\/uploads\\\/2022\\\/04\\\/aludo-logo.png\",\"contentUrl\":\"https:\\\/\\\/aludo-air.de\\\/wp-content\\\/uploads\\\/2022\\\/04\\\/aludo-logo.png\",\"width\":203,\"height\":77,\"caption\":\"aludo GmbH\"},\"image\":{\"@id\":\"https:\\\/\\\/aludo-air.de\\\/en\\\/#\\\/schema\\\/logo\\\/image\\\/\"},\"sameAs\":[\"https:\\\/\\\/www.facebook.com\\\/aludoair\\\/\",\"https:\\\/\\\/www.instagram.com\\\/aludo_air\\\/\"]}]}<\/script>\n<!-- \/ Yoast SEO plugin. -->","yoast_head_json":{"title":"aludo 8 Pro Luftreiniger mit HEPA-Filter - aludo Luftreiniger","robots":{"index":"index","follow":"follow","max-snippet":"max-snippet:-1","max-image-preview":"max-image-preview:large","max-video-preview":"max-video-preview:-1"},"canonical":"https:\/\/aludo-air.de\/en\/produkt\/aludo-8-pro-luftreiniger-mit-hepa-filter-2\/","og_locale":"en_US","og_type":"article","og_title":"aludo 8 Pro Luftreiniger mit HEPA-Filter - aludo Luftreiniger","og_description":"HEPA 14 Luftreiniger bis 800 m3\/h nur 25 - 52 dB(A) max 80 W Made in Germany 10 Jahre Garantie &nbsp;","og_url":"https:\/\/aludo-air.de\/en\/produkt\/aludo-8-pro-luftreiniger-mit-hepa-filter-2\/","og_site_name":"aludo Luftreiniger","article_publisher":"https:\/\/www.facebook.com\/aludoair\/","article_modified_time":"2023-11-28T11:08:42+00:00","og_image":[{"width":2560,"height":2560,"url":"https:\/\/aludo-air.de\/wp-content\/uploads\/2023\/10\/aludo8weissohneHaube-6-scaled.jpg","type":"image\/jpeg"}],"twitter_card":"summary_large_image","twitter_misc":{"Est. reading time":"2 minutes"},"schema":{"@context":"https:\/\/schema.org","@graph":[{"@type":"WebPage","@id":"https:\/\/aludo-air.de\/en\/produkt\/aludo-8-pro-luftreiniger-mit-hepa-filter-2\/","url":"https:\/\/aludo-air.de\/en\/produkt\/aludo-8-pro-luftreiniger-mit-hepa-filter-2\/","name":"aludo 8 Pro Luftreiniger mit HEPA-Filter - aludo Luftreiniger","isPartOf":{"@id":"https:\/\/aludo-air.de\/en\/#website"},"primaryImageOfPage":{"@id":"https:\/\/aludo-air.de\/en\/produkt\/aludo-8-pro-luftreiniger-mit-hepa-filter-2\/#primaryimage"},"image":{"@id":"https:\/\/aludo-air.de\/en\/produkt\/aludo-8-pro-luftreiniger-mit-hepa-filter-2\/#primaryimage"},"thumbnailUrl":"https:\/\/aludo-air.de\/wp-content\/uploads\/2023\/10\/aludo8weissohneHaube-6-scaled.jpg","datePublished":"2023-09-14T06:15:17+00:00","dateModified":"2023-11-28T11:08:42+00:00","breadcrumb":{"@id":"https:\/\/aludo-air.de\/en\/produkt\/aludo-8-pro-luftreiniger-mit-hepa-filter-2\/#breadcrumb"},"inLanguage":"en-US","potentialAction":[{"@type":"ReadAction","target":["https:\/\/aludo-air.de\/en\/produkt\/aludo-8-pro-luftreiniger-mit-hepa-filter-2\/"]}]},{"@type":"ImageObject","inLanguage":"en-US","@id":"https:\/\/aludo-air.de\/en\/produkt\/aludo-8-pro-luftreiniger-mit-hepa-filter-2\/#primaryimage","url":"https:\/\/aludo-air.de\/wp-content\/uploads\/2023\/10\/aludo8weissohneHaube-6-scaled.jpg","contentUrl":"https:\/\/aludo-air.de\/wp-content\/uploads\/2023\/10\/aludo8weissohneHaube-6-scaled.jpg","width":2560,"height":2560},{"@type":"BreadcrumbList","@id":"https:\/\/aludo-air.de\/en\/produkt\/aludo-8-pro-luftreiniger-mit-hepa-filter-2\/#breadcrumb","itemListElement":[{"@type":"ListItem","position":1,"name":"Startseite","item":"https:\/\/aludo-air.de\/en\/"},{"@type":"ListItem","position":2,"name":"Shop","item":"https:\/\/aludo-air.de\/shop\/"},{"@type":"ListItem","position":3,"name":"aludo 8 Pro Luftreiniger mit HEPA-Filter"}]},{"@type":"WebSite","@id":"https:\/\/aludo-air.de\/en\/#website","url":"https:\/\/aludo-air.de\/en\/","name":"aludo Luftreiniger","description":"Luftfilter Made in Germany","publisher":{"@id":"https:\/\/aludo-air.de\/en\/#organization"},"potentialAction":[{"@type":"SearchAction","target":{"@type":"EntryPoint","urlTemplate":"https:\/\/aludo-air.de\/en\/?s={search_term_string}"},"query-input":{"@type":"PropertyValueSpecification","valueRequired":true,"valueName":"search_term_string"}}],"inLanguage":"en-US"},{"@type":"Organization","@id":"https:\/\/aludo-air.de\/en\/#organization","name":"aludo GmbH","url":"https:\/\/aludo-air.de\/en\/","logo":{"@type":"ImageObject","inLanguage":"en-US","@id":"https:\/\/aludo-air.de\/en\/#\/schema\/logo\/image\/","url":"https:\/\/aludo-air.de\/wp-content\/uploads\/2022\/04\/aludo-logo.png","contentUrl":"https:\/\/aludo-air.de\/wp-content\/uploads\/2022\/04\/aludo-logo.png","width":203,"height":77,"caption":"aludo GmbH"},"image":{"@id":"https:\/\/aludo-air.de\/en\/#\/schema\/logo\/image\/"},"sameAs":["https:\/\/www.facebook.com\/aludoair\/","https:\/\/www.instagram.com\/aludo_air\/"]}]}},"_links":{"self":[{"href":"https:\/\/aludo-air.de\/en\/wp-json\/wp\/v2\/product\/2830","targetHints":{"allow":["GET"]}}],"collection":[{"href":"https:\/\/aludo-air.de\/en\/wp-json\/wp\/v2\/product"}],"about":[{"href":"https:\/\/aludo-air.de\/en\/wp-json\/wp\/v2\/types\/product"}],"replies":[{"embeddable":true,"href":"https:\/\/aludo-air.de\/en\/wp-json\/wp\/v2\/comments?post=2830"}],"wp:featuredmedia":[{"embeddable":true,"href":"https:\/\/aludo-air.de\/en\/wp-json\/wp\/v2\/media\/2887"}],"wp:attachment":[{"href":"https:\/\/aludo-air.de\/en\/wp-json\/wp\/v2\/media?parent=2830"}],"wp:term":[{"taxonomy":"product_brand","embeddable":true,"href":"https:\/\/aludo-air.de\/en\/wp-json\/wp\/v2\/product_brand?post=2830"},{"taxonomy":"product_cat","embeddable":true,"href":"https:\/\/aludo-air.de\/en\/wp-json\/wp\/v2\/product_cat?post=2830"},{"taxonomy":"product_tag","embeddable":true,"href":"https:\/\/aludo-air.de\/en\/wp-json\/wp\/v2\/product_tag?post=2830"}],"curies":[{"name":"wp","href":"https:\/\/api.w.org\/{rel}","templated":true}]}}